{"id":3,"date":"2025-05-29T00:02:27","date_gmt":"2025-05-29T00:02:27","guid":{"rendered":"https:\/\/www.trinly.media\/?page_id=3"},"modified":"2025-05-29T02:20:43","modified_gmt":"2025-05-29T02:20:43","slug":"privacy-policy","status":"publish","type":"page","link":"https:\/\/www.trinly.media\/es\/privacy-policy\/","title":{"rendered":"Privacy Policy"},"content":{"rendered":"[et_pb_section fb_built=&#8221;1&#8243; admin_label=&#8221;section&#8221; _builder_version=&#8221;4.16&#8243; global_colors_info=&#8221;{}&#8221; theme_builder_area=&#8221;post_content&#8221;][et_pb_row admin_label=&#8221;row&#8221; _builder_version=&#8221;4.16&#8243; background_size=&#8221;initial&#8221; background_position=&#8221;top_left&#8221; background_repeat=&#8221;repeat&#8221; global_colors_info=&#8221;{}&#8221; theme_builder_area=&#8221;post_content&#8221;][et_pb_column type=&#8221;4_4&#8243; _builder_version=&#8221;4.16&#8243; custom_padding=&#8221;|||&#8221; global_colors_info=&#8221;{}&#8221; custom_padding__hover=&#8221;|||&#8221; theme_builder_area=&#8221;post_content&#8221;][et_pb_text admin_label=&#8221;Text&#8221; _builder_version=&#8221;4.16&#8243; background_size=&#8221;initial&#8221; background_position=&#8221;top_left&#8221; background_repeat=&#8221;repeat&#8221; global_colors_info=&#8221;{}&#8221; theme_builder_area=&#8221;post_content&#8221;]<p>\u00a0<\/p>\n<h1 class=\"wp-block-heading\" data-start=\"205\" data-end=\"245\"><strong data-start=\"207\" data-end=\"243\">Pol\u00edtica de Privacidad de Trinly<\/strong><\/h1>\n<p data-start=\"247\" data-end=\"282\"><strong data-start=\"247\" data-end=\"272\">\u00daltima actualizaci\u00f3n:<\/strong> 28 de mayo del 2025<\/p>\n<p data-start=\"284\" data-end=\"469\">Bienvenido a <strong data-start=\"297\" data-end=\"307\">Trinly media<\/strong>. Nos tomamos muy en serio tu privacidad y queremos explicarte c\u00f3mo recopilamos, usamos y protegemos tu informaci\u00f3n personal cuando utilizas nuestra plataforma.<\/p>\n<h2 data-start=\"471\" data-end=\"510\"><strong data-start=\"474\" data-end=\"508\">1. Informaci\u00f3n que recopilamos<\/strong><\/h2>\n<p data-start=\"512\" data-end=\"592\">Cuando utilizas Trinly, podemos recopilar los siguientes tipos de informaci\u00f3n:<\/p>\n<h3 data-start=\"594\" data-end=\"648\"><strong data-start=\"598\" data-end=\"646\">1.1 Informaci\u00f3n proporcionada por el usuario<\/strong><\/h3>\n<ul data-start=\"649\" data-end=\"828\">\n<li data-start=\"649\" data-end=\"668\">Nombre completo<\/li>\n<li data-start=\"669\" data-end=\"691\">Correo electr\u00f3nico<\/li>\n<li data-start=\"692\" data-end=\"714\">N\u00famero de tel\u00e9fono<\/li>\n<li data-start=\"715\" data-end=\"780\">Informaci\u00f3n de perfil, como foto y descripci\u00f3n (si aplicable)<\/li>\n<li data-start=\"781\" data-end=\"828\">Datos de servicios reservados o solicitados<\/li>\n<\/ul>\n<h3 data-start=\"830\" data-end=\"882\"><strong data-start=\"834\" data-end=\"880\">1.2 Informaci\u00f3n recopilada autom\u00e1ticamente<\/strong><\/h3>\n<ul data-start=\"883\" data-end=\"1062\">\n<li data-start=\"883\" data-end=\"923\">Direcci\u00f3n IP y datos del dispositivo<\/li>\n<li data-start=\"924\" data-end=\"1012\">Informaci\u00f3n sobre el uso de la aplicaci\u00f3n (interacciones, clics, tiempos de reserva)<\/li>\n<li data-start=\"1013\" data-end=\"1062\">Datos de ubicaci\u00f3n (si el usuario lo permite)<\/li>\n<\/ul>\n<h2 data-start=\"1064\" data-end=\"1102\"><strong data-start=\"1067\" data-end=\"1100\">2. C\u00f3mo usamos tu informaci\u00f3n<\/strong><\/h2>\n<p>Utilizamos la informaci\u00f3n recopilada para:<\/p>\n<ul>\n<li>Facilitar la reserva de servicios entre usuarios y profesionales.<\/li>\n<li>Personalizar tu experiencia en la plataforma.<\/li>\n<li>Mejorar el funcionamiento de Trinly mediante an\u00e1lisis y m\u00e9tricas.<\/li>\n<li>Enviar notificaciones, recordatorios y actualizaciones.<\/li>\n<li>Cumplir con requisitos legales y de seguridad.<\/li>\n<\/ul>\n<h2 data-start=\"1451\" data-end=\"1494\"><strong data-start=\"1454\" data-end=\"1492\">3. C\u00f3mo compartimos tu informaci\u00f3n<\/strong><\/h2>\n<p data-start=\"1496\" data-end=\"1632\">Trinly <strong data-start=\"1503\" data-end=\"1515\">no vende<\/strong> ni alquila tu informaci\u00f3n personal. Sin embargo, podemos compartir ciertos datos en las siguientes circunstancias:<\/p>\n<ul data-start=\"1634\" data-end=\"1916\">\n<li data-start=\"1634\" data-end=\"1717\"><strong data-start=\"1636\" data-end=\"1674\">Con profesionales de la plataforma<\/strong>: Para procesar y gestionar tus reservas.<\/li>\n<li data-start=\"1718\" data-end=\"1812\"><strong data-start=\"1720\" data-end=\"1752\">Con proveedores de servicios<\/strong>: Como herramientas de an\u00e1lisis, hosting y notificaciones.<\/li>\n<li data-start=\"1813\" data-end=\"1916\"><strong data-start=\"1815\" data-end=\"1841\">Cuando lo exija la ley<\/strong>: Si es necesario para cumplir con regulaciones o requerimientos legales.<\/li>\n<\/ul>\n<h2 data-start=\"1918\" data-end=\"1957\"><strong data-start=\"1921\" data-end=\"1955\">4. Seguridad de tu informaci\u00f3n<\/strong><\/h2>\n<p data-start=\"1959\" data-end=\"2189\">Implementamos medidas de seguridad t\u00e9cnicas y organizativas para proteger tu informaci\u00f3n. Sin embargo, ning\u00fan sistema es 100% seguro, por lo que te recomendamos utilizar contrase\u00f1as seguras y mantener tu informaci\u00f3n actualizada.<\/p>\n<h2 data-start=\"2191\" data-end=\"2226\"><strong data-start=\"2194\" data-end=\"2224\">5. Tus derechos y opciones<\/strong><\/h2>\n<p data-start=\"2228\" data-end=\"2489\">Tienes derecho a:<br data-start=\"2245\" data-end=\"2248\" \/>\ud83d\udd39 Acceder a la informaci\u00f3n que hemos recopilado sobre ti.<br data-start=\"2306\" data-end=\"2309\" \/>\ud83d\udd39 Solicitar la correcci\u00f3n o eliminaci\u00f3n de tus datos.<br data-start=\"2363\" data-end=\"2366\" \/>\ud83d\udd39 Controlar el uso de tu informaci\u00f3n para fines de marketing.<br data-start=\"2428\" data-end=\"2431\" \/>\ud83d\udd39 Desactivar o eliminar tu cuenta en cualquier momento.<\/p>\n<p data-start=\"2491\" data-end=\"2570\">Para ejercer estos derechos, puedes contactarnos en: <strong data-start=\"2544\" data-end=\"2567\"><a rel=\"noopener\">privacidad@trinly.media<\/a><\/strong><\/p>\n<h2 data-start=\"2572\" data-end=\"2622\"><strong data-start=\"2575\" data-end=\"2620\">6. Uso de cookies y tecnolog\u00edas similares<\/strong><\/h2>\n<p data-start=\"2624\" data-end=\"2852\">Trinly puede utilizar cookies y herramientas de seguimiento para mejorar tu experiencia en la aplicaci\u00f3n. Puedes configurar tu navegador para rechazar cookies, aunque esto podr\u00eda afectar el funcionamiento de algunos servicios.<\/p>\n<h2 data-start=\"2854\" data-end=\"2890\"><strong data-start=\"2857\" data-end=\"2888\">7. Cambios en esta pol\u00edtica<\/strong><\/h2>\n<p data-start=\"2892\" data-end=\"3057\">Podemos actualizar esta Pol\u00edtica de Privacidad en cualquier momento. Te notificaremos sobre cambios importantes a trav\u00e9s de la aplicaci\u00f3n o por correo electr\u00f3nico.<\/p>\n<h2 data-start=\"3059\" data-end=\"3079\"><strong data-start=\"3062\" data-end=\"3077\">8. Contacto<\/strong><\/h2>\n<p data-start=\"3081\" data-end=\"3156\">Si tienes preguntas sobre nuestra pol\u00edtica de privacidad, cont\u00e1ctanos en:<\/p>\n<p data-start=\"3158\" data-end=\"3251\"><strong data-start=\"3161\" data-end=\"3184\">Correo electr\u00f3nico:<\/strong> <a data-start=\"3185\" data-end=\"3203\" rel=\"noopener\">soporte@trinly.media<\/a><br data-start=\"3203\" data-end=\"3206\" \/><strong data-start=\"3209\" data-end=\"3223\">Direcci\u00f3n:<\/strong> Panam\u00e1, Panam\u00e1<\/p>\n<p><\/p>[\/et_pb_text][\/et_pb_column][\/et_pb_row][\/et_pb_section]","protected":false},"excerpt":{"rendered":"<p>\u00a0 Pol\u00edtica de Privacidad de Trinly \u00daltima actualizaci\u00f3n: 28 de mayo del 2025 Bienvenido a Trinly media. Nos tomamos muy en serio tu privacidad y queremos explicarte c\u00f3mo recopilamos, usamos y protegemos tu informaci\u00f3n personal cuando utilizas nuestra plataforma. 1. Informaci\u00f3n que recopilamos Cuando utilizas Trinly, podemos recopilar los siguientes tipos de informaci\u00f3n: 1.1 Informaci\u00f3n [&hellip;]<\/p>","protected":false},"author":1,"featured_media":0,"parent":0,"menu_order":0,"comment_status":"closed","ping_status":"open","template":"","meta":{"_et_pb_use_builder":"on","_et_pb_old_content":"<!-- wp:heading -->\n<h2 class=\"wp-block-heading\">Who we are<\/h2>\n<!-- \/wp:heading -->\n<!-- wp:paragraph -->\n<p><strong class=\"privacy-policy-tutorial\">Suggested text: <\/strong>Our website address is: https:\/\/www.trinly.media.<\/p>\n<!-- \/wp:paragraph -->\n<!-- wp:heading -->\n<h2 class=\"wp-block-heading\">Comments<\/h2>\n<!-- \/wp:heading -->\n<!-- wp:paragraph -->\n<p><strong class=\"privacy-policy-tutorial\">Suggested text: <\/strong>When visitors leave comments on the site we collect the data shown in the comments form, and also the visitor&#8217;s IP address and browser user agent string to help spam detection.<\/p>\n<!-- \/wp:paragraph -->\n<!-- wp:paragraph -->\n<p>An anonymized string created from your email address (also called a hash) may be provided to the Gravatar service to see if you are using it. The Gravatar service privacy policy is available here: https:\/\/automattic.com\/privacy\/. After approval of your comment, your profile picture is visible to the public in the context of your comment.<\/p>\n<!-- \/wp:paragraph -->\n<!-- wp:heading -->\n<h2 class=\"wp-block-heading\">Media<\/h2>\n<!-- \/wp:heading -->\n<!-- wp:paragraph -->\n<p><strong class=\"privacy-policy-tutorial\">Suggested text: <\/strong>If you upload images to the website, you should avoid uploading images with embedded location data (EXIF GPS) included. Visitors to the website can download and extract any location data from images on the website.<\/p>\n<!-- \/wp:paragraph -->\n<!-- wp:heading -->\n<h2 class=\"wp-block-heading\">Cookies<\/h2>\n<!-- \/wp:heading -->\n<!-- wp:paragraph -->\n<p><strong class=\"privacy-policy-tutorial\">Suggested text: <\/strong>If you leave a comment on our site you may opt-in to saving your name, email address and website in cookies. These are for your convenience so that you do not have to fill in your details again when you leave another comment. These cookies will last for one year.<\/p>\n<!-- \/wp:paragraph -->\n<!-- wp:paragraph -->\n<p>If you visit our login page, we will set a temporary cookie to determine if your browser accepts cookies. This cookie contains no personal data and is discarded when you close your browser.<\/p>\n<!-- \/wp:paragraph -->\n<!-- wp:paragraph -->\n<p>When you log in, we will also set up several cookies to save your login information and your screen display choices. Login cookies last for two days, and screen options cookies last for a year. If you select &quot;Remember Me&quot;, your login will persist for two weeks. If you log out of your account, the login cookies will be removed.<\/p>\n<!-- \/wp:paragraph -->\n<!-- wp:paragraph -->\n<p>If you edit or publish an article, an additional cookie will be saved in your browser. This cookie includes no personal data and simply indicates the post ID of the article you just edited. It expires after 1 day.<\/p>\n<!-- \/wp:paragraph -->\n<!-- wp:heading -->\n<h2 class=\"wp-block-heading\">Embedded content from other websites<\/h2>\n<!-- \/wp:heading -->\n<!-- wp:paragraph -->\n<p><strong class=\"privacy-policy-tutorial\">Suggested text: <\/strong>Articles on this site may include embedded content (e.g. videos, images, articles, etc.). Embedded content from other websites behaves in the exact same way as if the visitor has visited the other website.<\/p>\n<!-- \/wp:paragraph -->\n<!-- wp:paragraph -->\n<p>These websites may collect data about you, use cookies, embed additional third-party tracking, and monitor your interaction with that embedded content, including tracking your interaction with the embedded content if you have an account and are logged in to that website.<\/p>\n<!-- \/wp:paragraph -->\n<!-- wp:heading -->\n<h2 class=\"wp-block-heading\">Who we share your data with<\/h2>\n<!-- \/wp:heading -->\n<!-- wp:paragraph -->\n<p><strong class=\"privacy-policy-tutorial\">Suggested text: <\/strong>If you request a password reset, your IP address will be included in the reset email.<\/p>\n<!-- \/wp:paragraph -->\n<!-- wp:heading -->\n<h2 class=\"wp-block-heading\">How long we retain your data<\/h2>\n<!-- \/wp:heading -->\n<!-- wp:paragraph -->\n<p><strong class=\"privacy-policy-tutorial\">Suggested text: <\/strong>If you leave a comment, the comment and its metadata are retained indefinitely. This is so we can recognize and approve any follow-up comments automatically instead of holding them in a moderation queue.<\/p>\n<!-- \/wp:paragraph -->\n<!-- wp:paragraph -->\n<p>For users that register on our website (if any), we also store the personal information they provide in their user profile. All users can see, edit, or delete their personal information at any time (except they cannot change their username). Website administrators can also see and edit that information.<\/p>\n<!-- \/wp:paragraph -->\n<!-- wp:heading -->\n<h2 class=\"wp-block-heading\">What rights you have over your data<\/h2>\n<!-- \/wp:heading -->\n<!-- wp:paragraph -->\n<p><strong class=\"privacy-policy-tutorial\">Suggested text: <\/strong>If you have an account on this site, or have left comments, you can request to receive an exported file of the personal data we hold about you, including any data you have provided to us. You can also request that we erase any personal data we hold about you. This does not include any data we are obliged to keep for administrative, legal, or security purposes.<\/p>\n<!-- \/wp:paragraph -->\n<!-- wp:heading -->\n<h2 class=\"wp-block-heading\">Where your data is sent<\/h2>\n<!-- \/wp:heading -->\n<!-- wp:paragraph -->\n<p><strong class=\"privacy-policy-tutorial\">Suggested text: <\/strong>Visitor comments may be checked through an automated spam detection service.<\/p>\n<!-- \/wp:paragraph -->\n","_et_gb_content_width":"","_joinchat":[],"footnotes":""},"class_list":["post-3","page","type-page","status-publish","hentry"],"_links":{"self":[{"href":"https:\/\/www.trinly.media\/es\/wp-json\/wp\/v2\/pages\/3","targetHints":{"allow":["GET"]}}],"collection":[{"href":"https:\/\/www.trinly.media\/es\/wp-json\/wp\/v2\/pages"}],"about":[{"href":"https:\/\/www.trinly.media\/es\/wp-json\/wp\/v2\/types\/page"}],"author":[{"embeddable":true,"href":"https:\/\/www.trinly.media\/es\/wp-json\/wp\/v2\/users\/1"}],"replies":[{"embeddable":true,"href":"https:\/\/www.trinly.media\/es\/wp-json\/wp\/v2\/comments?post=3"}],"version-history":[{"count":2,"href":"https:\/\/www.trinly.media\/es\/wp-json\/wp\/v2\/pages\/3\/revisions"}],"predecessor-version":[{"id":192,"href":"https:\/\/www.trinly.media\/es\/wp-json\/wp\/v2\/pages\/3\/revisions\/192"}],"wp:attachment":[{"href":"https:\/\/www.trinly.media\/es\/wp-json\/wp\/v2\/media?parent=3"}],"curies":[{"name":"wp","href":"https:\/\/api.w.org\/{rel}","templated":true}]}}