{"id":7,"date":"2025-05-29T02:08:48","date_gmt":"2025-05-29T02:08:48","guid":{"rendered":"https:\/\/www.trinly.media\/?page_id=7"},"modified":"2025-07-12T17:43:05","modified_gmt":"2025-07-12T17:43:05","slug":"home1","status":"publish","type":"page","link":"https:\/\/www.trinly.media\/es\/home1\/","title":{"rendered":"Home1"},"content":{"rendered":"<p>[et_pb_section fb_built=&#8221;1&#8243; admin_label=&#8221;Header&#8221; _builder_version=&#8221;4.27.4&#8243; _module_preset=&#8221;default&#8221; use_background_color_gradient=&#8221;on&#8221; background_color_gradient_stops=&#8221;rgba(0,0,0,0.5) 0%|rgba(0,0,0,0.5) 100%&#8221; background_color_gradient_overlays_image=&#8221;on&#8221; background_image=&#8221;https:\/\/www.trinly.media\/wp-content\/uploads\/2025\/05\/32.jpg&#8221; parallax=&#8221;on&#8221; custom_padding=&#8221;6vw||||false|false&#8221; collapsed=&#8221;on&#8221; global_colors_info=&#8221;{}&#8221;][et_pb_row _builder_version=&#8221;4.24.2&#8243; _module_preset=&#8221;default&#8221; width=&#8221;90%&#8221; max_width=&#8221;none&#8221; custom_margin=&#8221;|auto|170px|auto||&#8221; custom_padding=&#8221;190px|||||&#8221; global_colors_info=&#8221;{}&#8221;][et_pb_column type=&#8221;4_4&#8243; _builder_version=&#8221;4.24.1&#8243; _module_preset=&#8221;default&#8221; global_colors_info=&#8221;{}&#8221;][et_pb_image src=&#8221;https:\/\/www.trinly.media\/wp-content\/uploads\/2025\/05\/TRINLY-SIN-FONDO-VERSION-SECUNDARIA.2.0-scaled-1.png&#8221; title_text=&#8221;TRINLY SIN FONDO VERSI\u00d3N SECUNDARIA.2.0&#8243; _builder_version=&#8221;4.27.4&#8243; _module_preset=&#8221;default&#8221; width=&#8221;25%&#8221; module_alignment=&#8221;center&#8221; global_colors_info=&#8221;{}&#8221;][\/et_pb_image][et_pb_text _builder_version=&#8221;4.27.4&#8243; _module_preset=&#8221;default&#8221; header_2_font=&#8221;|600|||||||&#8221; header_2_text_align=&#8221;center&#8221; header_2_text_color=&#8221;#FFFFFF&#8221; header_2_font_size=&#8221;30px&#8221; max_width=&#8221;800px&#8221; module_alignment=&#8221;center&#8221; global_colors_info=&#8221;%91%93&#8243;]<\/p>\n<h2 class=\"elementor-heading-title elementor-size-default elementor-inline-editing pen\" data-elementor-setting-key=\"title\" contenteditable=\"true\" data-pen-placeholder=\"Teclea aqu\u00ed...\">Desarrollo de Sitios Web Profesionales\u200b<\/h2>\n<p>[\/et_pb_text][et_pb_text _builder_version=&#8221;4.27.4&#8243; _module_preset=&#8221;default&#8221; header_2_text_align=&#8221;center&#8221; header_2_text_color=&#8221;#FFFFFF&#8221; header_2_font_size=&#8221;22px&#8221; max_width=&#8221;800px&#8221; module_alignment=&#8221;center&#8221; global_colors_info=&#8221;%91%93&#8243;]<\/p>\n<h2 class=\"elementor-heading-title elementor-size-default elementor-inline-editing pen\" data-elementor-setting-key=\"title\" contenteditable=\"true\" data-pen-placeholder=\"Teclea aqu\u00ed...\">Posiciona tu negocio en los buscadores de internet m\u00e1s importantes, con un sitio web personalizado.\u200b<\/h2>\n<p>[\/et_pb_text][\/et_pb_column][\/et_pb_row][\/et_pb_section][et_pb_section fb_built=&#8221;1&#8243; admin_label=&#8221;About&#8221; _builder_version=&#8221;4.24.2&#8243; _module_preset=&#8221;default&#8221; custom_padding=&#8221;8vw||8vw||true|false&#8221; collapsed=&#8221;on&#8221; global_colors_info=&#8221;{}&#8221;][et_pb_row _builder_version=&#8221;4.24.1&#8243; _module_preset=&#8221;default&#8221; global_colors_info=&#8221;{}&#8221;][et_pb_column type=&#8221;4_4&#8243; _builder_version=&#8221;4.24.1&#8243; _module_preset=&#8221;default&#8221; global_colors_info=&#8221;{}&#8221;][et_pb_text _builder_version=&#8221;4.27.4&#8243; _module_preset=&#8221;22e38414-c28e-4326-8455-c42df7117c8a&#8221; header_4_font=&#8221;Arial|700||on|||||&#8221; header_4_font_size=&#8221;14px&#8221; header_4_line_height=&#8221;1.8em&#8221; custom_margin=&#8221;||10px||false|false&#8221; global_colors_info=&#8221;%91%93&#8243;]<\/p>\n<h4 class=\"elementor-heading-title elementor-size-default elementor-inline-editing pen\" data-elementor-setting-key=\"title\" contenteditable=\"true\" data-pen-placeholder=\"Teclea aqu\u00ed...\">\u00bfPor qu\u00e9 necesito un sitio web?\u200b<\/h4>\n<p>[\/et_pb_text][et_pb_text _builder_version=&#8221;4.27.4&#8243; _module_preset=&#8221;e9ee174a-a538-4ea8-b36e-5c749c7cb4b0&#8243; header_3_font=&#8221;Shippori Mincho||||||||&#8221; header_3_font_size=&#8221;52px&#8221; header_3_line_height=&#8221;1.3em&#8221; header_3_font_size_tablet=&#8221;28px&#8221; header_3_font_size_phone=&#8221;16px&#8221; header_3_font_size_last_edited=&#8221;on|desktop&#8221; global_colors_info=&#8221;%91%93&#8243;]<\/p>\n<h3>Una p\u00e1gina Web es un recurso de gran importancia para toda empresa que aspira al progreso y busca extender su negocio, utilizando principalmente el internet, herramienta potencial que va en crecimiento cada d\u00eda m\u00e1s.<\/h3>\n<p>[\/et_pb_text][\/et_pb_column][\/et_pb_row][\/et_pb_section][et_pb_section fb_built=&#8221;1&#8243; admin_label=&#8221;Menu&#8221; _builder_version=&#8221;4.24.2&#8243; _module_preset=&#8221;default&#8221; background_color=&#8221;#000000&#8243; custom_padding=&#8221;|10%||10%|false|true&#8221; collapsed=&#8221;on&#8221; global_colors_info=&#8221;{}&#8221;][et_pb_row _builder_version=&#8221;4.27.4&#8243; _module_preset=&#8221;default&#8221; global_colors_info=&#8221;{}&#8221;][et_pb_column type=&#8221;4_4&#8243; _builder_version=&#8221;4.27.4&#8243; _module_preset=&#8221;default&#8221; global_colors_info=&#8221;{}&#8221;][et_pb_text _builder_version=&#8221;4.27.4&#8243; _module_preset=&#8221;default&#8221; header_text_align=&#8221;center&#8221; header_text_color=&#8221;#FFFFFF&#8221; header_2_text_align=&#8221;center&#8221; header_2_text_color=&#8221;#FFFFFF&#8221; global_colors_info=&#8221;%91%93&#8243;]<\/p>\n<h1>Planes<\/h1>\n<p>[\/et_pb_text][\/et_pb_column][\/et_pb_row][et_pb_row column_structure=&#8221;1_3,1_3,1_3&#8243; _builder_version=&#8221;4.27.4&#8243; _module_preset=&#8221;default&#8221; global_colors_info=&#8221;{}&#8221;][et_pb_column type=&#8221;1_3&#8243; _builder_version=&#8221;4.27.4&#8243; _module_preset=&#8221;default&#8221; global_colors_info=&#8221;{}&#8221;][et_pb_image src=&#8221;https:\/\/www.trinly.media\/wp-content\/uploads\/2025\/05\/PLAN-LAUNCH.png&#8221; title_text=&#8221;PLAN LAUNCH&#8221; _builder_version=&#8221;4.27.4&#8243; _module_preset=&#8221;default&#8221; border_radii=&#8221;on|15px|15px|15px|15px&#8221; global_colors_info=&#8221;{}&#8221;][\/et_pb_image][\/et_pb_column][et_pb_column type=&#8221;1_3&#8243; _builder_version=&#8221;4.27.4&#8243; _module_preset=&#8221;default&#8221; global_colors_info=&#8221;{}&#8221;][et_pb_image src=&#8221;https:\/\/www.trinly.media\/wp-content\/uploads\/2025\/05\/Plan-Boost.png&#8221; title_text=&#8221;Plan Boost&#8221; align=&#8221;right&#8221; _builder_version=&#8221;4.27.4&#8243; _module_preset=&#8221;default&#8221; max_width=&#8221;400px&#8221; border_radii=&#8221;on|15px|15px|15px|15px&#8221; locked=&#8221;off&#8221; global_colors_info=&#8221;{}&#8221;][\/et_pb_image][\/et_pb_column][et_pb_column type=&#8221;1_3&#8243; _builder_version=&#8221;4.27.4&#8243; _module_preset=&#8221;default&#8221; global_colors_info=&#8221;{}&#8221;][et_pb_image src=&#8221;https:\/\/www.trinly.media\/wp-content\/uploads\/2025\/05\/Plan-Ecommerce.png&#8221; title_text=&#8221;Plan Ecommerce&#8221; _builder_version=&#8221;4.27.4&#8243; _module_preset=&#8221;default&#8221; border_radii=&#8221;on|15px|15px|15px|15px&#8221; global_colors_info=&#8221;{}&#8221;][\/et_pb_image][\/et_pb_column][\/et_pb_row][\/et_pb_section][et_pb_section fb_built=&#8221;1&#8243; admin_label=&#8221;Image&#8221; _builder_version=&#8221;4.27.4&#8243; _module_preset=&#8221;default&#8221; background_color=&#8221;#000000&#8243; use_background_color_gradient=&#8221;on&#8221; background_color_gradient_stops=&#8221;#000000 0%|rgba(255,255,255,0) 100%&#8221; background_color_gradient_overlays_image=&#8221;on&#8221; background_image=&#8221;https:\/\/www.trinly.media\/wp-content\/uploads\/2025\/05\/Cirugia-de-parpados-6.jpg&#8221; parallax=&#8221;on&#8221; collapsed=&#8221;on&#8221; global_colors_info=&#8221;{}&#8221;][et_pb_row _builder_version=&#8221;4.24.1&#8243; _module_preset=&#8221;default&#8221; global_colors_info=&#8221;{}&#8221;][et_pb_column type=&#8221;4_4&#8243; _builder_version=&#8221;4.24.1&#8243; _module_preset=&#8221;default&#8221; global_colors_info=&#8221;{}&#8221;][et_pb_divider show_divider=&#8221;off&#8221; _builder_version=&#8221;4.24.2&#8243; _module_preset=&#8221;default&#8221; height=&#8221;30vw&#8221; global_colors_info=&#8221;{}&#8221;][\/et_pb_divider][\/et_pb_column][\/et_pb_row][\/et_pb_section][et_pb_section fb_built=&#8221;1&#8243; _builder_version=&#8221;4.27.4&#8243; _module_preset=&#8221;default&#8221; global_colors_info=&#8221;{}&#8221;][et_pb_row column_structure=&#8221;1_2,1_2&#8243; _builder_version=&#8221;4.27.4&#8243; _module_preset=&#8221;default&#8221; width=&#8221;100%&#8221; max_width=&#8221;80%&#8221; global_colors_info=&#8221;{}&#8221;][et_pb_column type=&#8221;1_2&#8243; _builder_version=&#8221;4.27.4&#8243; _module_preset=&#8221;default&#8221; global_colors_info=&#8221;{}&#8221;][et_pb_text _builder_version=&#8221;4.27.4&#8243; _module_preset=&#8221;65893c78-346a-4668-b106-7edc4b158d1a&#8221; header_2_font=&#8221;Shippori Mincho||||||||&#8221; header_2_font_size=&#8221;62px&#8221; header_2_line_height=&#8221;1.3em&#8221; max_width=&#8221;510px&#8221; header_2_font_size_tablet=&#8221;32px&#8221; header_2_font_size_phone=&#8221;20px&#8221; header_2_font_size_last_edited=&#8221;on|desktop&#8221; global_colors_info=&#8221;%91%93&#8243;]<\/p>\n<h2 class=\"elementor-heading-title elementor-size-default elementor-inline-editing pen\" data-elementor-setting-key=\"title\" contenteditable=\"true\" data-pen-placeholder=\"Teclea aqu\u00ed...\">Creamos tu p\u00e1gina web\u200b<\/h2>\n<p>[\/et_pb_text][et_pb_text _builder_version=&#8221;4.27.4&#8243; _module_preset=&#8221;default&#8221; global_colors_info=&#8221;%91%93&#8243;]<\/p>\n<h2 class=\"elementor-heading-title elementor-size-default elementor-inline-editing pen\" data-elementor-setting-key=\"title\" contenteditable=\"true\" data-pen-placeholder=\"Teclea aqu\u00ed...\">con las mejores funcionalidades\u200b<\/h2>\n<p>[\/et_pb_text][et_pb_text _builder_version=&#8221;4.27.4&#8243; _module_preset=&#8221;21bb3b52-0baa-4f55-a7e0-8c39689332be&#8221; header_5_font=&#8221;Arial|700||on|||||&#8221; header_5_line_height=&#8221;1.5em&#8221; max_width=&#8221;510px&#8221; custom_margin=&#8221;||0px||false|false&#8221; header_5_font_size_tablet=&#8221;16px&#8221; header_5_font_size_phone=&#8221;14px&#8221; header_5_font_size_last_edited=&#8221;on|tablet&#8221; global_colors_info=&#8221;%91%93&#8243;]<\/p>\n<h5><span>Dise\u00f1o 100% Responsive <\/span><\/h5>\n<p>[\/et_pb_text][et_pb_text quote_border_color=&#8221;#000000&#8243; _builder_version=&#8221;4.27.4&#8243; _module_preset=&#8221;96362cf5-ef47-400b-bd5b-2a60e39c5bc3&#8243; text_font=&#8221;Arial||||||||&#8221; text_font_size=&#8221;16px&#8221; text_line_height=&#8221;1.65em&#8221; link_font=&#8221;||||on||||&#8221; link_text_color=&#8221;#000000&#8243; quote_text_color=&#8221;#000000&#8243; quote_font_size=&#8221;20px&#8221; max_width=&#8221;510px&#8221; text_font_size_tablet=&#8221;15px&#8221; text_font_size_phone=&#8221;14px&#8221; text_font_size_last_edited=&#8221;on|desktop&#8221; quote_font_size_tablet=&#8221;16px&#8221; quote_font_size_phone=&#8221;14px&#8221; quote_font_size_last_edited=&#8221;on|desktop&#8221; global_colors_info=&#8221;%91%93&#8243;]<\/p>\n<p><span>El dise\u00f1o de tu p\u00e1gina web se adaptar\u00e1 a las principales pantallas, tabletas y smartphones del mercado.<\/span><\/p>\n<p>[\/et_pb_text][et_pb_text _builder_version=&#8221;4.27.4&#8243; _module_preset=&#8221;21bb3b52-0baa-4f55-a7e0-8c39689332be&#8221; header_5_font=&#8221;Arial|700||on|||||&#8221; header_5_line_height=&#8221;1.5em&#8221; max_width=&#8221;510px&#8221; custom_margin=&#8221;||0px||false|false&#8221; header_5_font_size_tablet=&#8221;16px&#8221; header_5_font_size_phone=&#8221;14px&#8221; header_5_font_size_last_edited=&#8221;on|tablet&#8221; global_colors_info=&#8221;%91%93&#8243;]<\/p>\n<h5><span>Certificado SSL<\/span><span>\u200b<\/span><\/h5>\n<p>[\/et_pb_text][et_pb_text quote_border_color=&#8221;#000000&#8243; _builder_version=&#8221;4.27.4&#8243; _module_preset=&#8221;96362cf5-ef47-400b-bd5b-2a60e39c5bc3&#8243; text_font=&#8221;Arial||||||||&#8221; text_font_size=&#8221;16px&#8221; text_line_height=&#8221;1.65em&#8221; link_font=&#8221;||||on||||&#8221; link_text_color=&#8221;#000000&#8243; quote_text_color=&#8221;#000000&#8243; quote_font_size=&#8221;20px&#8221; max_width=&#8221;510px&#8221; text_font_size_tablet=&#8221;15px&#8221; text_font_size_phone=&#8221;14px&#8221; text_font_size_last_edited=&#8221;on|desktop&#8221; quote_font_size_tablet=&#8221;16px&#8221; quote_font_size_phone=&#8221;14px&#8221; quote_font_size_last_edited=&#8221;on|desktop&#8221; global_colors_info=&#8221;%91%93&#8243;]<\/p>\n<p><span>Conexi\u00f3n cifrada de datos, donde el navegador que est\u00e1s utilizando establece una comunicaci\u00f3n segura con la web a la que te diriges.<\/span><span>\u200b<\/span><\/p>\n<p>[\/et_pb_text][et_pb_text _builder_version=&#8221;4.27.4&#8243; _module_preset=&#8221;21bb3b52-0baa-4f55-a7e0-8c39689332be&#8221; header_5_font=&#8221;Arial|700||on|||||&#8221; header_5_line_height=&#8221;1.5em&#8221; max_width=&#8221;510px&#8221; custom_margin=&#8221;||0px||false|false&#8221; header_5_font_size_tablet=&#8221;16px&#8221; header_5_font_size_phone=&#8221;14px&#8221; header_5_font_size_last_edited=&#8221;on|tablet&#8221; global_colors_info=&#8221;%91%93&#8243;]<\/p>\n<h5><span>Formulario de Contacto<\/span><span>\u200b<\/span><\/h5>\n<p>[\/et_pb_text][et_pb_text quote_border_color=&#8221;#000000&#8243; _builder_version=&#8221;4.27.4&#8243; _module_preset=&#8221;96362cf5-ef47-400b-bd5b-2a60e39c5bc3&#8243; text_font=&#8221;Arial||||||||&#8221; text_font_size=&#8221;16px&#8221; text_line_height=&#8221;1.65em&#8221; link_font=&#8221;||||on||||&#8221; link_text_color=&#8221;#000000&#8243; quote_text_color=&#8221;#000000&#8243; quote_font_size=&#8221;20px&#8221; max_width=&#8221;510px&#8221; text_font_size_tablet=&#8221;15px&#8221; text_font_size_phone=&#8221;14px&#8221; text_font_size_last_edited=&#8221;on|desktop&#8221; quote_font_size_tablet=&#8221;16px&#8221; quote_font_size_phone=&#8221;14px&#8221; quote_font_size_last_edited=&#8221;on|desktop&#8221; global_colors_info=&#8221;%91%93&#8243;]<\/p>\n<p><span>Su sitio web dispondr\u00e1 de un formulario de contacto para que sus clientes se contacten con usted. Lo recibir\u00e1s al momento por correo electr\u00f3nico.<\/span><span>\u200b<\/span><\/p>\n<p>[\/et_pb_text][\/et_pb_column][et_pb_column type=&#8221;1_2&#8243; _builder_version=&#8221;4.27.4&#8243; _module_preset=&#8221;default&#8221; global_colors_info=&#8221;{}&#8221;][et_pb_image src=&#8221;https:\/\/www.trinly.media\/wp-content\/uploads\/2025\/05\/42.jpg&#8221; title_text=&#8221;42&#8243; _builder_version=&#8221;4.27.4&#8243; _module_preset=&#8221;default&#8221; custom_padding=&#8221;130px|||||&#8221; global_colors_info=&#8221;{}&#8221;][\/et_pb_image][\/et_pb_column][\/et_pb_row][\/et_pb_section][et_pb_section fb_built=&#8221;1&#8243; fullwidth=&#8221;on&#8221; _builder_version=&#8221;4.27.4&#8243; _module_preset=&#8221;default&#8221; global_colors_info=&#8221;{}&#8221;][\/et_pb_section][et_pb_section fb_built=&#8221;1&#8243; admin_label=&#8221;Gallery&#8221; _builder_version=&#8221;4.24.1&#8243; _module_preset=&#8221;default&#8221; collapsed=&#8221;on&#8221; global_colors_info=&#8221;{}&#8221;][et_pb_row column_structure=&#8221;1_2,1_2&#8243; _builder_version=&#8221;4.24.2&#8243; _module_preset=&#8221;default&#8221; width=&#8221;90%&#8221; max_width=&#8221;2000px&#8221; global_colors_info=&#8221;{}&#8221;][et_pb_column type=&#8221;1_2&#8243; _builder_version=&#8221;4.24.1&#8243; _module_preset=&#8221;default&#8221; global_colors_info=&#8221;{}&#8221;][et_pb_image src=&#8221;https:\/\/www.trinly.media\/wp-content\/uploads\/2025\/05\/Yamen-1.jpg&#8221; title_text=&#8221;Yamen-1&#8243; _builder_version=&#8221;4.27.4&#8243; _module_preset=&#8221;default&#8221; global_colors_info=&#8221;{}&#8221;][\/et_pb_image][\/et_pb_column][et_pb_column type=&#8221;1_2&#8243; _builder_version=&#8221;4.24.1&#8243; _module_preset=&#8221;default&#8221; global_colors_info=&#8221;{}&#8221;][et_pb_image src=&#8221;https:\/\/www.trinly.media\/wp-content\/uploads\/2025\/05\/blog-Cafe-1.png&#8221; title_text=&#8221;blog-Cafe-1&#8243; _builder_version=&#8221;4.27.4&#8243; _module_preset=&#8221;default&#8221; locked=&#8221;off&#8221; global_colors_info=&#8221;{}&#8221;][\/et_pb_image][\/et_pb_column][\/et_pb_row][\/et_pb_section][et_pb_section fb_built=&#8221;1&#8243; admin_label=&#8221;Call to Action&#8221; _builder_version=&#8221;4.27.4&#8243; _module_preset=&#8221;default&#8221; use_background_color_gradient=&#8221;on&#8221; background_color_gradient_type=&#8221;circular&#8221; background_color_gradient_stops=&#8221;rgba(0,0,0,0.5) 0%|#000000 100%&#8221; background_color_gradient_overlays_image=&#8221;on&#8221; background_image=&#8221;https:\/\/www.trinly.media\/wp-content\/uploads\/2025\/05\/42.jpg&#8221; parallax=&#8221;on&#8221; custom_padding=&#8221;8%||8%||true|false&#8221; collapsed=&#8221;on&#8221; global_colors_info=&#8221;{}&#8221;][et_pb_row _builder_version=&#8221;4.24.1&#8243; _module_preset=&#8221;default&#8221; max_width=&#8221;800px&#8221; global_colors_info=&#8221;{}&#8221;][et_pb_column type=&#8221;4_4&#8243; _builder_version=&#8221;4.24.1&#8243; _module_preset=&#8221;default&#8221; global_colors_info=&#8221;{}&#8221;][et_pb_text _builder_version=&#8221;4.27.4&#8243; _module_preset=&#8221;65893c78-346a-4668-b106-7edc4b158d1a&#8221; header_2_font=&#8221;Shippori Mincho||||||||&#8221; header_2_text_color=&#8221;#FFFFFF&#8221; header_2_font_size=&#8221;62px&#8221; header_2_line_height=&#8221;1.3em&#8221; text_orientation=&#8221;center&#8221; header_2_font_size_tablet=&#8221;32px&#8221; header_2_font_size_phone=&#8221;20px&#8221; header_2_font_size_last_edited=&#8221;on|desktop&#8221; global_colors_info=&#8221;%91%93&#8243;]<\/p>\n<h2 class=\"elementor-heading-title elementor-size-default elementor-inline-editing pen\" data-elementor-setting-key=\"title\" contenteditable=\"true\" data-pen-placeholder=\"Teclea aqu\u00ed...\">D\u00e9mosle vida al sitio web que necesita tu negocio\u200b<\/h2>\n<p>[\/et_pb_text][\/et_pb_column][\/et_pb_row][\/et_pb_section][et_pb_section fb_built=&#8221;1&#8243; admin_label=&#8221;Footer&#8221; _builder_version=&#8221;4.24.2&#8243; _module_preset=&#8221;default&#8221; background_color=&#8221;#000000&#8243; custom_padding=&#8221;||||false|false&#8221; saved_tabs=&#8221;all&#8221; locked=&#8221;off&#8221; collapsed=&#8221;on&#8221; global_colors_info=&#8221;{}&#8221;][et_pb_row column_structure=&#8221;1_3,1_3,1_3&#8243; _builder_version=&#8221;4.27.4&#8243; _module_preset=&#8221;default&#8221; width=&#8221;90%&#8221; max_width=&#8221;none&#8221; hover_enabled=&#8221;0&#8243; global_colors_info=&#8221;{}&#8221; sticky_enabled=&#8221;0&#8243;][et_pb_column type=&#8221;1_3&#8243; _builder_version=&#8221;4.24.1&#8243; _module_preset=&#8221;default&#8221; global_colors_info=&#8221;{}&#8221;][et_pb_image src=&#8221;https:\/\/www.trinly.media\/wp-content\/uploads\/2025\/05\/TRINLY-SIN-FONDO-VERSION-SECUNDARIA.2.0-scaled-1.png&#8221; _builder_version=&#8221;4.27.4&#8243; _module_preset=&#8221;default&#8221; title_text=&#8221;TRINLY-SIN-FONDO-VERSION-SECUNDARIA.2.0-scaled-1&#8243; width=&#8221;36%&#8221; hover_enabled=&#8221;0&#8243; sticky_enabled=&#8221;0&#8243;][\/et_pb_image][et_pb_text quote_border_color=&#8221;#FFFFFF&#8221; _builder_version=&#8221;4.27.4&#8243; _module_preset=&#8221;96362cf5-ef47-400b-bd5b-2a60e39c5bc3&#8243; text_font=&#8221;Arial||||||||&#8221; text_text_color=&#8221;#FFFFFF&#8221; text_font_size=&#8221;16px&#8221; text_line_height=&#8221;1.65em&#8221; link_font=&#8221;||||on||||&#8221; link_text_color=&#8221;#FFFFFF&#8221; quote_text_color=&#8221;#FFFFFF&#8221; quote_font_size=&#8221;20px&#8221; text_font_size_tablet=&#8221;15px&#8221; text_font_size_phone=&#8221;14px&#8221; text_font_size_last_edited=&#8221;on|desktop&#8221; quote_font_size_tablet=&#8221;16px&#8221; quote_font_size_phone=&#8221;14px&#8221; quote_font_size_last_edited=&#8221;on|desktop&#8221; text_orientation_tablet=&#8221;center&#8221; text_orientation_phone=&#8221;center&#8221; text_orientation_last_edited=&#8221;on|tablet&#8221; global_colors_info=&#8221;%91%93&#8243;]<\/p>\n<p>(507) 6475-1230<\/p>\n<p>[\/et_pb_text][\/et_pb_column][et_pb_column type=&#8221;1_3&#8243; _builder_version=&#8221;4.24.1&#8243; _module_preset=&#8221;default&#8221; global_colors_info=&#8221;{}&#8221;][et_pb_text _builder_version=&#8221;4.27.4&#8243; _module_preset=&#8221;21bb3b52-0baa-4f55-a7e0-8c39689332be&#8221; header_5_font=&#8221;Arial|700||on|||||&#8221; header_5_text_color=&#8221;#FFFFFF&#8221; header_5_line_height=&#8221;1.5em&#8221; text_orientation=&#8221;center&#8221; header_5_font_size_tablet=&#8221;16px&#8221; header_5_font_size_phone=&#8221;14px&#8221; header_5_font_size_last_edited=&#8221;on|tablet&#8221; global_colors_info=&#8221;%91%93&#8243;]<\/p>\n<h5>Panam\u00e1, Panam\u00e1<\/h5>\n<p>[\/et_pb_text][et_pb_text _builder_version=&#8221;4.27.4&#8243; _module_preset=&#8221;21bb3b52-0baa-4f55-a7e0-8c39689332be&#8221; header_5_font=&#8221;Arial|700||on|||||&#8221; header_5_text_color=&#8221;#FFFFFF&#8221; header_5_line_height=&#8221;1.5em&#8221; text_orientation=&#8221;center&#8221; custom_margin=&#8221;||0px||false|false&#8221; header_5_font_size_tablet=&#8221;16px&#8221; header_5_font_size_phone=&#8221;14px&#8221; header_5_font_size_last_edited=&#8221;on|tablet&#8221; global_colors_info=&#8221;%91%93&#8243;]<\/p>\n<h5>L-V: 8am &#8211; 4pm<\/h5>\n<p>[\/et_pb_text][et_pb_text _builder_version=&#8221;4.27.4&#8243; _module_preset=&#8221;21bb3b52-0baa-4f55-a7e0-8c39689332be&#8221; header_5_font=&#8221;Arial|700||on|||||&#8221; header_5_text_color=&#8221;#FFFFFF&#8221; header_5_line_height=&#8221;1.5em&#8221; text_orientation=&#8221;center&#8221; header_5_font_size_tablet=&#8221;16px&#8221; header_5_font_size_phone=&#8221;14px&#8221; header_5_font_size_last_edited=&#8221;on|tablet&#8221; global_colors_info=&#8221;%91%93&#8243;]<\/p>\n<h5>S: 8am &#8211; 12pm<\/h5>\n<p>[\/et_pb_text][\/et_pb_column][et_pb_column type=&#8221;1_3&#8243; _builder_version=&#8221;4.24.1&#8243; _module_preset=&#8221;default&#8221; global_colors_info=&#8221;{}&#8221;][et_pb_text _builder_version=&#8221;4.27.4&#8243; _module_preset=&#8221;21bb3b52-0baa-4f55-a7e0-8c39689332be&#8221; link_font=&#8221;||||on||||&#8221; header_5_font=&#8221;Arial|700||on|||||&#8221; header_5_text_color=&#8221;#FFFFFF&#8221; header_5_line_height=&#8221;1.5em&#8221; text_orientation=&#8221;right&#8221; custom_margin=&#8221;||10px||false|false&#8221; header_5_font_size_tablet=&#8221;16px&#8221; header_5_font_size_phone=&#8221;14px&#8221; header_5_font_size_last_edited=&#8221;on|tablet&#8221; text_orientation_tablet=&#8221;center&#8221; text_orientation_phone=&#8221;center&#8221; text_orientation_last_edited=&#8221;on|tablet&#8221; locked=&#8221;off&#8221; global_colors_info=&#8221;%91%93&#8243;]<\/p>\n<h5><a href=\"mailto:#\">social@media.trinly.app<\/a><\/h5>\n<p>[\/et_pb_text][et_pb_social_media_follow _builder_version=&#8221;4.24.1&#8243; _module_preset=&#8221;default&#8221; text_orientation=&#8221;right&#8221; text_orientation_tablet=&#8221;center&#8221; text_orientation_phone=&#8221;center&#8221; text_orientation_last_edited=&#8221;on|tablet&#8221; global_colors_info=&#8221;{}&#8221;][et_pb_social_media_follow_network social_network=&#8221;facebook&#8221; _builder_version=&#8221;4.24.1&#8243; _module_preset=&#8221;default&#8221; global_colors_info=&#8221;{}&#8221; follow_button=&#8221;off&#8221; url_new_window=&#8221;on&#8221;]facebook[\/et_pb_social_media_follow_network][et_pb_social_media_follow_network social_network=&#8221;twitter&#8221; _builder_version=&#8221;4.24.1&#8243; _module_preset=&#8221;default&#8221; global_colors_info=&#8221;{}&#8221; follow_button=&#8221;off&#8221; url_new_window=&#8221;on&#8221;]X[\/et_pb_social_media_follow_network][et_pb_social_media_follow_network social_network=&#8221;instagram&#8221; _builder_version=&#8221;4.24.1&#8243; _module_preset=&#8221;default&#8221; global_colors_info=&#8221;{}&#8221; follow_button=&#8221;off&#8221; url_new_window=&#8221;on&#8221;]instagram[\/et_pb_social_media_follow_network][\/et_pb_social_media_follow][\/et_pb_column][\/et_pb_row][\/et_pb_section]<\/p>","protected":false},"excerpt":{"rendered":"<p>Desarrollo de Sitios Web Profesionales\u200bPosiciona tu negocio en los buscadores de internet m\u00e1s importantes, con un sitio web personalizado.\u200b\u00bfPor qu\u00e9 necesito un sitio web?\u200bUna p\u00e1gina Web es un recurso de gran importancia para toda empresa que aspira al progreso y busca extender su negocio, utilizando principalmente el internet, herramienta potencial que va en crecimiento cada [&hellip;]<\/p>","protected":false},"author":1,"featured_media":0,"parent":0,"menu_order":0,"comment_status":"closed","ping_status":"closed","template":"","meta":{"_et_pb_use_builder":"on","_et_pb_old_content":"","_et_gb_content_width":"","_joinchat":[],"footnotes":""},"class_list":["post-7","page","type-page","status-publish","hentry"],"_links":{"self":[{"href":"https:\/\/www.trinly.media\/es\/wp-json\/wp\/v2\/pages\/7","targetHints":{"allow":["GET"]}}],"collection":[{"href":"https:\/\/www.trinly.media\/es\/wp-json\/wp\/v2\/pages"}],"about":[{"href":"https:\/\/www.trinly.media\/es\/wp-json\/wp\/v2\/types\/page"}],"author":[{"embeddable":true,"href":"https:\/\/www.trinly.media\/es\/wp-json\/wp\/v2\/users\/1"}],"replies":[{"embeddable":true,"href":"https:\/\/www.trinly.media\/es\/wp-json\/wp\/v2\/comments?post=7"}],"version-history":[{"count":4,"href":"https:\/\/www.trinly.media\/es\/wp-json\/wp\/v2\/pages\/7\/revisions"}],"predecessor-version":[{"id":442,"href":"https:\/\/www.trinly.media\/es\/wp-json\/wp\/v2\/pages\/7\/revisions\/442"}],"wp:attachment":[{"href":"https:\/\/www.trinly.media\/es\/wp-json\/wp\/v2\/media?parent=7"}],"curies":[{"name":"wp","href":"https:\/\/api.w.org\/{rel}","templated":true}]}}